{"id":465,"date":"2017-10-16T19:50:25","date_gmt":"2017-10-16T18:50:25","guid":{"rendered":"http:\/\/192.168.1.151\/index.php\/zavirani-vody-lipenec-2017\/zavirani-vody-vyhlaseni-vysledku\/"},"modified":"2017-10-16T19:50:25","modified_gmt":"2017-10-16T18:50:25","slug":"zavirani-vody-vyhlaseni-vysledku","status":"publish","type":"page","link":"https:\/\/lmklouny.cz\/index.php\/zavirani-vody-lipenec-2017\/zavirani-vody-vyhlaseni-vysledku\/","title":{"rendered":"Zav\u00edr\u00e1n\u00ed vody &#8211; vyhl\u00e1\u0161en\u00ed v\u00fdsledk\u016f"},"content":{"rendered":"ngg_shortcode_0_placeholder\n","protected":false},"excerpt":{"rendered":"<div class=\"mh-excerpt\"><\/div>","protected":false},"author":1,"featured_media":0,"parent":410,"menu_order":0,"comment_status":"closed","ping_status":"closed","template":"","meta":{"ngg_post_thumbnail":0,"footnotes":""},"class_list":["post-465","page","type-page","status-publish","hentry"],"_links":{"self":[{"href":"https:\/\/lmklouny.cz\/index.php\/wp-json\/wp\/v2\/pages\/465","targetHints":{"allow":["GET"]}}],"collection":[{"href":"https:\/\/lmklouny.cz\/index.php\/wp-json\/wp\/v2\/pages"}],"about":[{"href":"https:\/\/lmklouny.cz\/index.php\/wp-json\/wp\/v2\/types\/page"}],"author":[{"embeddable":true,"href":"https:\/\/lmklouny.cz\/index.php\/wp-json\/wp\/v2\/users\/1"}],"replies":[{"embeddable":true,"href":"https:\/\/lmklouny.cz\/index.php\/wp-json\/wp\/v2\/comments?post=465"}],"version-history":[{"count":0,"href":"https:\/\/lmklouny.cz\/index.php\/wp-json\/wp\/v2\/pages\/465\/revisions"}],"up":[{"embeddable":true,"href":"https:\/\/lmklouny.cz\/index.php\/wp-json\/wp\/v2\/pages\/410"}],"wp:attachment":[{"href":"https:\/\/lmklouny.cz\/index.php\/wp-json\/wp\/v2\/media?parent=465"}],"curies":[{"name":"wp","href":"https:\/\/api.w.org\/{rel}","templated":true}]}}